{"id":708,"date":"2025-09-30T21:50:57","date_gmt":"2025-09-30T21:50:57","guid":{"rendered":"https:\/\/www.forgenderseal.org\/politica-de-cookies\/"},"modified":"2025-09-30T21:50:57","modified_gmt":"2025-09-30T21:50:57","slug":"politica-de-cookies","status":"publish","type":"page","link":"https:\/\/www.forgenderseal.org\/es\/politica-de-cookies\/","title":{"rendered":"Pol\u00edtica de Cookies"},"content":{"rendered":"<p><strong>QU\u00c8 S\u00d3N LES COOKIES?<\/p>\n<p><\/strong>Una cookie \u00e9s un fitxer que es descarrega en el teu ordinador a l\u2019accedir a determinadas p\u00e1ginas web. Les cookies permeten a una p\u00e0gina web, entre altres coses, emmagatzemar i recuperar informaci\u00f3 sobre els h\u00e0bits de navegaci\u00f3 d\u2019un usuari o del seu equip i, depenent de la informaci\u00f3 que continguin i de la forma en qu\u00e8 utilitzi el seu equip, poden utilitzar-se per recon\u00e8ixer a l\u2019usuari.<\/p>\n<p>&nbsp;<\/p>\n<p><strong>TIPUS DE COOKIES<\/strong><br \/>\nSegons qui sigui l\u2019entitat que gestioni el domini des d\u2019on s\u2019envien les cookies i tracti les dades que s\u2019obtinguin es poden distingir dos tipus: cookies pr\u00f2pies i cookies de tercers.<\/p>\n<p>Existeix tamb\u00e9 una segona classificaci\u00f3 segons el termini de temps que romanen emmagatzemades en el navegador del client, podent tractar-se de cookies de sessi\u00f3 o cookies persistents.<\/p>\n<p>Existeix una altra classificaci\u00f3 amb cinc tipus de cookies segons la finalitat per la qual es tractin les dades obtingudes: cookies t\u00e8cniques, cookies de personalitzaci\u00f3, cookies d\u2019an\u00e0lisi, cookies publicit\u00e0ries i cookies de publicitat comportamental.<\/p>\n<p>&nbsp;<\/p>\n<p><strong>QUIN TIPUS DE COOKIES UTILITZA AQUESTA P\u00c0GINA WEB?<\/strong><br \/>\nA continuaci\u00f3 s\u2019identifiquen les cookies que estan sent utilitzades en aquest portal aix\u00ed com la seva tipologia i funci\u00f3:<\/p>\n<p>Cookies d\u2019an\u00e0lisi: S\u00f3n aquelles que ben tractades per nosaltres o per tercers, ens permeten quantificar el nombre d\u2019usuaris i aix\u00ed realitzar el mesurament i an\u00e0lisi estad\u00edstica de la utilitzaci\u00f3 que fan els usuaris del servei ofert. Per a aix\u00f2 s\u2019analitza la seva navegaci\u00f3 a la nostra p\u00e0gina web amb la finalitat de millorar l\u2019oferta de productes o serveis que li oferim.<\/p>\n<p>forgenderseal.org utilitza Google Analytics, un servei d\u2019anal\u00edtica web desenvolupada per Google, que permet el mesurament i an\u00e0lisi de la navegaci\u00f3 a les p\u00e0gines web. En el seu navegador podr\u00e0 observar 4 cookies d\u2019aquest servei. Segons la tipologia anterior es tracta de cookies pr\u00f2pies, de sessi\u00f3 i d\u2019an\u00e0lisi. Pot trobar m\u00e9s informaci\u00f3 sobre aquest tema i inhabilitar l\u2019\u00fas d\u2019aquestes cookies http:\/\/www.google.es\/policies\/privacy\/.<\/p>\n<p>A trav\u00e9s de l\u2019anal\u00edtica web no s\u2019obt\u00e9 informaci\u00f3 sobre les seves dades personals . La informaci\u00f3 que s\u2019obt\u00e9 \u00e9s la relativa al nombre d\u2019usuaris que accedeixen a la web, el nombre de p\u00e0gines vistes, la freq\u00fc\u00e8ncia i repetici\u00f3 de les visites, la seva durada, el navegador utilitzat, l\u2019operador que presta el servei, l\u2019idioma, el terminal que utilitza, o la ciutat a la qual est\u00e0 assignada la seva adre\u00e7a IP. Informaci\u00f3 que possibilita un millor i m\u00e9s apropiat servei per part d\u2019aquest portal.<\/p>\n<p>Una altra de les *cookies que es descarreguen \u00e9s una *cookie de tipus t\u00e8cnic necess\u00e0ria per a la correcta navegaci\u00f3 per les p\u00e0gines web.<\/p>\n<p>Finalment, es descarrega una cookie de tipus t\u00e8cnic i de sessi\u00f3 anomenada cookies_policy. Gestiona el consentiment de l\u2019usuari davant l\u2019\u00fas de les *cookies a la p\u00e0gina web, amb l\u2019objecte d\u2019evitar l\u2019excessiva mol\u00e8stia que pugui suposar mostrar repetidament informaci\u00f3 sobre la pol\u00edtica de *cookies en la part superior de la web a aquelles persones que hagin acceptat la mateixa.<\/p>\n<p>&nbsp;<\/p>\n<p><strong>ACCEPTACI\u00d3 DE LA POL\u00cdTICA DE COOKIES<\/strong><\/p>\n<p><em><strong>forgenderseal.org<\/strong><\/em> mostra informaci\u00f3 sobre la seva Pol\u00edtica de *cookies en la part superior de qualsevol p\u00e0gina amb cada inici de sessi\u00f3.<br \/>\nDavant aquesta informaci\u00f3 \u00e9s possible dur a terme les seg\u00fcents accions:<br \/>\nAcceptar cookies. No es tornar\u00e0 a visualitzar aquest av\u00eds en accedir a qualsevol p\u00e0gina del portal durant la present sessi\u00f3.<br \/>\nTancar. S\u2019oculta l\u2019av\u00eds a la present p\u00e0gina, per\u00f2 en accedir a qualsevol altra p\u00e0gina del portal es tornar\u00e0 a mostrar l\u2019av\u00eds en la part superior de la mateixa.<br \/>\nModificar su configuraci\u00f3n. Podr\u00e1 obtener m\u00e1s informaci\u00f3n sobre qu\u00e9 son las cookies, conocer la Pol\u00edtica de cookies del Ministerio y modificar la configuraci\u00f3n de su navegaci\u00f3n. Pero esto no evitar\u00e1 que se muestre el aviso sobre cookies al acceder a nuevas p\u00e1ginas del portal.<\/p>\n<p>&nbsp;<\/p>\n<p><strong>COM MODIFICAR LA CONFIGURACI\u00d3 DE LES COOKIES<\/strong><br \/>\nVost\u00e8 pot restringir, bloquejar o esborrar les cookies utilitzant el seu navegador. En cada navegador l\u2019operativa diferent, la funci\u00f3 d\u2019Ajuda li mostrar\u00e0 com fer-ho.<\/p>\n<p>Internet explorer<br \/>\nFirefox<br \/>\nChrome<\/p>\n","protected":false},"excerpt":{"rendered":"<p>QU\u00c8 S\u00d3N LES COOKIES? Una cookie \u00e9s un fitxer que es descarrega en el teu ordinador a l\u2019accedir a determinadas p\u00e1ginas web. Les cookies permeten a una p\u00e0gina web, entre altres coses, emmagatzemar i recuperar informaci\u00f3 sobre els h\u00e0bits de navegaci\u00f3 d\u2019un usuari o del seu equip i, depenent de la informaci\u00f3 que continguin i [&hellip;]<\/p>\n","protected":false},"author":1,"featured_media":0,"parent":0,"menu_order":0,"comment_status":"closed","ping_status":"closed","template":"","meta":{"footnotes":""},"class_list":["post-708","page","type-page","status-publish","hentry"],"acf":[],"_links":{"self":[{"href":"https:\/\/www.forgenderseal.org\/es\/wp-json\/wp\/v2\/pages\/708","targetHints":{"allow":["GET"]}}],"collection":[{"href":"https:\/\/www.forgenderseal.org\/es\/wp-json\/wp\/v2\/pages"}],"about":[{"href":"https:\/\/www.forgenderseal.org\/es\/wp-json\/wp\/v2\/types\/page"}],"author":[{"embeddable":true,"href":"https:\/\/www.forgenderseal.org\/es\/wp-json\/wp\/v2\/users\/1"}],"replies":[{"embeddable":true,"href":"https:\/\/www.forgenderseal.org\/es\/wp-json\/wp\/v2\/comments?post=708"}],"version-history":[{"count":0,"href":"https:\/\/www.forgenderseal.org\/es\/wp-json\/wp\/v2\/pages\/708\/revisions"}],"wp:attachment":[{"href":"https:\/\/www.forgenderseal.org\/es\/wp-json\/wp\/v2\/media?parent=708"}],"curies":[{"name":"wp","href":"https:\/\/api.w.org\/{rel}","templated":true}]}}