{"id":709,"date":"2025-09-30T14:36:07","date_gmt":"2025-09-30T14:36:07","guid":{"rendered":"https:\/\/www.forgenderseal.org\/avis-legal-politica-de-privadesa\/"},"modified":"2025-09-30T14:36:07","modified_gmt":"2025-09-30T14:36:07","slug":"avis-legal-politica-de-privadesa","status":"publish","type":"page","link":"https:\/\/www.forgenderseal.org\/gl\/avis-legal-politica-de-privadesa\/","title":{"rendered":"Av\u00eds Legal | Pol\u00edtica de privadesa"},"content":{"rendered":"<p>El present av\u00eds legal recull les condicions generals que regeixen l\u2019acc\u00e9s i l\u2019\u00fas del lloc web, <strong>www.forgenderseal.org<\/strong><\/p>\n<p>&nbsp;<\/p>\n<p><strong>DADES de forgenderseal.org<\/strong><\/p>\n<p>En compliment de l\u2019article 10 de la Llei 34\/2002, d\u201911 de juliol, de Serveis de la Societat de la Informaci\u00f3 i Comer\u00e7 Electr\u00f2nic, a continuaci\u00f3 s\u2019exposen les dades identificatives de l\u2019Associaci\u00f3.<\/p>\n<p>Nom: Associaci\u00f3 Forgender Seal (d\u2019ara endavant tamb\u00e9 indistintament \u201cforgenderseal.org\u201d)<\/p>\n<p>Domicili social: Luis Ant\u00fanez 6 Barcelona<br \/>\nTel\u00e8fon: 93 414 60 11<br \/>\nAdre\u00e7a de correu electr\u00f2nic: info@forgenderseal.org<\/p>\n<p>&nbsp;<\/p>\n<p><strong>CONDICIONS GENERALS<\/strong><\/p>\n<p>L\u2019acc\u00e9s i \u00fas del lloc web implica l\u2019expressa i plena acceptaci\u00f3 d\u2019aquestes condicions generals en la versi\u00f3 publicada al moment en qu\u00e8 l\u2019usuari accedeixi, sense perjudici de les condicions particulars que poguessin aplicar-se en alguns dels serveis concrets del lloc web.<br \/>\nL\u2019usuari accepta que l\u2019acc\u00e9s al present lloc web i els continguts inclosos en el mateix t\u00e9 lloc lliure i conscientment, sota la seva exclusiva responsabilitat.<\/p>\n<p>Els usuaris accedeixen al lloc web de forma lliure i gratu\u00efta, encara que forgenderseal.org es reserva el dret de limitar el seu acc\u00e9s per determinats continguts o serveis, exigint el registre de les seves dades pr\u00e8viament a l\u2019acc\u00e9s.<\/p>\n<p>forgenderseal.org es reserva el dret a modificar a qualsevol moment la presentaci\u00f3, configuraci\u00f3 i localitzaci\u00f3 del lloc web, aix\u00ed com els continguts, serveis i les condicions requerides per utilitzar els mateixos quan ho consideri oport\u00fa o amb la finalitat d\u2019adequar-se als canvis legislatius i tecnol\u00f2gics futurs. Aquestes modificacions seran v\u00e0lides des de la seva publicaci\u00f3 en el lloc web.<\/p>\n<p>forgenderseal.org es reserva el dret a interrompre l\u2019acc\u00e9s al present lloc web a qualsevol moment i sense previ av\u00eds, ja sigui per motius t\u00e8cnics, de seguretat, de control, de manteniment, per fallades de subministrament el\u00e8ctric, o per qualsevol altra causa. Aquesta interrupci\u00f3 podr\u00e0 tenir car\u00e0cter temporal o definitiu, en aquest cas es comunicar\u00e0 tal circumst\u00e0ncia als usuaris, els qui podran sofrir la p\u00e8rdua, si escau, de la informaci\u00f3 emmagatzemada en els diferents serveis, sense donar lloc a indemnitzaci\u00f3 alguna.<\/p>\n<p>forgenderseal.org es compromet a NO REMETRE COMUNICACIONS COMERCIALS SENSE IDENTIFICAR-LES com a tals, conforme al que es disposa en la Llei 34\/2002 de Serveis de la Societat de la Informaci\u00f3 i de comer\u00e7 electr\u00f2nic. A aquests efectes no ser\u00e0 considerat com a comunicaci\u00f3 comercial tota la informaci\u00f3 que s\u2019envi\u00ef als USUARIS de nom de l\u2019Associaci\u00f3 sempre que tingui per finalitat el manteniment de la relaci\u00f3 contractual existent entre usuari i nom de l\u2019Associaci\u00f3, aix\u00ed com l\u2019acompliment de les tasques d\u2019informaci\u00f3, formaci\u00f3 i altres activitats pr\u00f2pies del servei que l\u2019usuari t\u00e9 contractat amb l\u2019Associaci\u00f3.<\/p>\n<p>&nbsp;<\/p>\n<p><strong>AV\u00cdS DE COPYRIGHT<\/strong><\/p>\n<p>forgenderseal.org t\u00e9 la titularitat del present lloc web. Tots els drets de propietat industrial i intel\u00b7lectual sobre aquest portal d\u2019Internet estan legalment reservats, de manera que l\u2019acc\u00e9s o la seva utilitzaci\u00f3, per part de l\u2019usuari, no ha de considerar-se, de cap manera, com l\u2019atorgament de cap llic\u00e8ncia d\u2019\u00fas o dret sobre qualsevol actiu.<\/p>\n<p>Els usuaris del lloc web \u00fanicament podran realitzar un \u00fas privat, personal o professional dels continguts d\u2019aquest. Est\u00e0 absolutament prohibit, l\u2019\u00fas del lloc web o d\u2019algun dels seus elements amb finalitats comercials o il\u00b7l\u00edcits.<\/p>\n<p>No es podran realitzar actes de reproducci\u00f3, modificaci\u00f3, distribuci\u00f3 o comunicaci\u00f3 p\u00fablica del lloc web sense el previ consentiment per escrit de forgenderseal.org.<\/p>\n<p>Queda prohibida la reproducci\u00f3 dels continguts del lloc web, tret que estigui perm\u00e8s legalment i se citi la proced\u00e8ncia o, en defecte d\u2019aix\u00f2, s\u2019autoritzi per escrit el contrari. En aquells casos en qu\u00e8 es produeixi la necess\u00e0ria autoritzaci\u00f3 pr\u00e8via per escrit, aquesta autoritzaci\u00f3 substituir\u00e0 la prohibici\u00f3 general abans citada i esmentar\u00e0 clarament les possibles restriccions d\u2019\u00fas.<\/p>\n<p>forgenderseal.org no assumir\u00e0 cap responsabilitat derivada de l\u2019\u00fas per tercers del contingut del lloc web i podr\u00e0 exercitar totes les accions civils o penals que li corresponguin en cas d\u2019infracci\u00f3 d\u2019aquests drets per part de l\u2019usuari.<\/p>\n<p>&nbsp;<\/p>\n<p><strong>CL\u00c0USULA D\u2019EXEMPCI\u00d3 DE RESPONSABILITAT<\/strong><\/p>\n<p>Els continguts incorporats en aquest lloc web han estat elaborats a tot moment de bona fe amb el prop\u00f2sit de donar informaci\u00f3 als usuaris, per la qual cosa forgenderseal.org no assumeix cap tipus de responsabilitat respecte a la integritat o exactitud d\u2019aquesta informaci\u00f3 ni garanteix l\u2019exactitud ni l\u2019actualitzaci\u00f3 de la informaci\u00f3 que es pugui obtenir d\u2019aquest, la qual podr\u00e0 ser modificada sense previ av\u00eds. Tampoc es responsabilitza dels eventuals errors tipogr\u00e0fics, formals o num\u00e8rics que pugui contenir el lloc web.<\/p>\n<p>forgenderseal.org no es responsabilitza del mal \u00fas que els usuaris puguin fer del lloc web.<\/p>\n<p><strong>1. Responsabilitat pel funcionament del lloc web.<\/strong><\/p>\n<p>forgenderseal.org intentar\u00e0 reduir al m\u00ednim els problemes ocasionats per errors de car\u00e0cter t\u00e8cnic, podr\u00e0 procedir a la suspensi\u00f3 temporal dels serveis i continguts del lloc web per efectuar operacions de manteniment, millora o reparaci\u00f3 dels mateixos, sense que aix\u00f2 origini indemnitzaci\u00f3 a l\u2019usuari per aquests conceptes.<\/p>\n<p>S\u2019adverteix que alguna informaci\u00f3 continguda en aquest web pugues haver estat creada o recollida en arxius o formats no exempts d\u2019errors, per la qual cosa no es pot garantir que el servei no quedi interromput o afectat per aquests problemes.<\/p>\n<p>forgenderseal.org no assumeix cap responsabilitat respecte dels danys que poguessin ocasionar a l\u2019usuari a resultes de la consulta d\u2019aquesta p\u00e0gina web, o d\u2019aquelles altres externes objecte de reexpedici\u00f3.<\/p>\n<p>forgenderseal.org no ser\u00e0 responsable en cas que existeixin interrupcions del servei, o mal funcionament d\u2019aquest que tingui el seu origen en sup\u00f2sits de cas fortu\u00eft, for\u00e7a major o altres causes que escapen del seu control.<\/p>\n<p><strong>2. Responsabilitat per l\u2019\u00fas d\u2019enlla\u00e7os<\/strong><\/p>\n<p>forgenderseal.org no assumeix cap responsabilitat derivada de l\u2019exist\u00e8ncia d\u2019enlla\u00e7os entre els continguts d\u2019aquest lloc i continguts situats fora del mateix, o de qualsevol altre esment de continguts externs a aquest lloc.<\/p>\n<p>En cas que forgenderseal.org constati per algun mitj\u00e0 la ilicitud de la p\u00e0gina web, o que lesiona b\u00e9ns o drets de tercers susceptibles d\u2019indemnitzaci\u00f3, l\u2019Associaci\u00f3 suprimir\u00e0 o inutilitzar\u00e0 aquest enlla\u00e7.<\/p>\n<p>La pres\u00e8ncia d\u2019altres enlla\u00e7os en el lloc web t\u00e9 una finalitat merament informativa, no constituint en cap cas una invitaci\u00f3 o recomanaci\u00f3 a la contractaci\u00f3 de productes o serveis que s\u2019ofereixin en el lloc d\u2019Internet de destinaci\u00f3, i en cap cas impliquen el suport a les persones o entitats autores de tals continguts o titulars dels llocs on es trobin.<\/p>\n<p>D\u2019aquesta manera forgenderseal.org no es responsabilitza del contingut i disponibilitat dels llocs web als quals enlla\u00e7a fora de la seva p\u00e0gina, de qualsevol dany o p\u00e8rdua que pugui sorgir per la connexi\u00f3 o per l\u2019\u00fas de qualsevol contingut, producte o servei disponible en els llocs web als quals es dirigeixin els enlla\u00e7os.<\/p>\n<p>&nbsp;<\/p>\n<p>&nbsp;<\/p>\n<p><strong>POL\u00cdTICA DE PRIVACITAT<\/strong><\/p>\n<p>forgenderseal.org informa a continuaci\u00f3 de la seva pol\u00edtica de privacitat aplicada a les dades personals que es facilitin a l\u2019associaci\u00f3. El tractament queda subjecte a les disposicions legals vigents en mat\u00e8ria de Protecci\u00f3 de Dades Personals i es guardaran les degudes mesures de seguretat i confidencialitat.<\/p>\n<p>La visita del lloc web www.forgenderseal.org no implica que l\u2019usuari hagi de subministrar cap informaci\u00f3 respecte a la seva identitat, no podent ser associada a un usuari concret per l\u2019Associaci\u00f3. En el sup\u00f2sit que se subministri dades de car\u00e0cter personal, aquestes dades seran recollides i utilitzades d\u2019acord amb les limitacions i els drets recollits en la citada norma de protecci\u00f3 de dades.<\/p>\n<p><strong>1. Recollida de dades.<\/strong><\/p>\n<p>forgenderseal.org tractar\u00e0 les dades de car\u00e0cter personal, recollides mitjan\u00e7ant els formularis publicats a la web i els correus electr\u00f2nics que els usuaris puguin remetre a forgenderseal.org, segons les previsions legals previstes en la legislaci\u00f3 vigent en mat\u00e8ria de Protecci\u00f3 de Dades de Car\u00e0cter Personal.<\/p>\n<p>Les dades es tractaran amb la finalitat d\u2019atendre i donar curs als comentaris, consultes i suggeriments que els usuaris vulguin fer arribar a l\u2019associaci\u00f3, aix\u00ed com per rebre comunicacions de novetats sobre l\u2019Associaci\u00f3 forgenderseal.org, si aix\u00ed ho ha indicat vost\u00e8 expressament<\/p>\n<p>forgenderseal.org conservar\u00e0 les seves dades una vegada finalitzada la relaci\u00f3 amb l\u2019usuari per complir les obligacions legals necess\u00e0ries. Al seu torn, procedir\u00e0 a la supressi\u00f3 de les dades recollides quan deixin de ser necess\u00e0ries per a la finalitat per la qual van ser recollides.<\/p>\n<p><strong>2. Seguretat de la informaci\u00f3.<\/strong><\/p>\n<p>forgenderseal.org ha desenvolupat tots els sistemes i mesures t\u00e8cniques i organitzatives al seu abast, previstes en la normativa de protecci\u00f3 de dades de car\u00e0cter personal per evitar la p\u00e8rdua, malament \u00fas, alteraci\u00f3, acc\u00e9s no autoritzat i subtracci\u00f3 de les dades de car\u00e0cter personal facilitats per l\u2019usuari o visitant.<\/p>\n<p>No obstant aix\u00f2, l\u2019usuari o visitant ha de ser conscient que les mesures de seguretat en Internet no s\u00f3n inexpugnables.<\/p>\n<p><strong>3. Confidencialitat i Secret professional.<\/strong><\/p>\n<p>Les comunicacions privades que poguessin donar-se entre el personal de forgenderseal.org i els usuaris o visitants seran considerades com a confidencials. L\u2019acc\u00e9s a aquesta informaci\u00f3 est\u00e0 restringit mitjan\u00e7ant eines tecnol\u00f2giques i mitjan\u00e7ant estrictes controls interns.<\/p>\n<p><strong>4. Cessi\u00f3 de dades.<\/strong><\/p>\n<p>Quant a les dades de les s\u00f2cies, forgenderseal.org podr\u00e0 facilitar-ne les seves dades personals a administracions p\u00fabliques (com per exemple l\u2019Ag\u00e8ncia Tribut\u00e0ria, la Seguretat Social, l\u2019autoritat en l\u2019\u00e0mbit laboral), per al compliment estricte de les obligacions legals a les quals l\u2019associaci\u00f3 est\u00e0 subjecta per ra\u00f3 de la seva activitat. Aix\u00ed mateix, forgenderseal.org l\u2019informa que les seves dades personals poden ser cedides a prove\u00efdors de serveis que l\u2019associaci\u00f3 tingui contractats (gestoria, empresa prove\u00efdora de manteniment del web, etc.), a efectes de funcionament intern. Tamb\u00e9 es podran compartir amb altres s\u00f2cies de l\u2019entitat, per tal de facilitar activitats de networking i organitzar grups de treball perseguint els fins de l\u2019associaci\u00f3, aix\u00ed com per donar compliment al que estableixen els estatuts de l\u2019associaci\u00f3, en el marc de<br \/>\nl\u2019assemblea general.<\/p>\n<p><strong>5. Enlla\u00e7os amb altres llocs web.<\/strong><\/p>\n<p>El present lloc web pot contenir enlla\u00e7os o enlla\u00e7os amb altres llocs. S\u2019informa que forgenderseal.org no disposa de cap control ni t\u00e9 cap respnsabilitat sobre les pol\u00edtiques o mesures de protecci\u00f3 de dades d\u2019altres llocs web.<\/p>\n<p><strong>6. Drets dels usuaris.<\/strong><\/p>\n<p>L\u2019usuari podr\u00e0 exercir, respecte a les dades obtingudes en la forma prevista, els drets reconeguts per la legislaci\u00f3 vigent en mat\u00e8ria de Protecci\u00f3 de Dades de Car\u00e0cter Personal. A tal efecte, l\u2019usuari far\u00e0 enviar la seva sol\u00b7licitud a l\u2019associaci\u00f3 mitjan\u00e7ant correu ordinari a la seu de l\u2019associaci\u00f3, o b\u00e9 per correu electr\u00f2nic a l\u2019adre\u00e7a info@forgenderseal.org, acreditant la seva identitat.<\/p>\n<p>forgenderseal.org informa que les dades personals recaptades, quan hagin deixat de ser necess\u00e0ries o pertinents per a la finalitat per la qual van ser recollides, seran cancel\u00b7lades conforme estableix la normativa de protecci\u00f3 de dades de car\u00e0cter personal.<\/p>\n<p>&nbsp;<\/p>\n","protected":false},"excerpt":{"rendered":"<p>El present av\u00eds legal recull les condicions generals que regeixen l\u2019acc\u00e9s i l\u2019\u00fas del lloc web, www.forgenderseal.org &nbsp; DADES de forgenderseal.org En compliment de l\u2019article 10 de la Llei 34\/2002, d\u201911 de juliol, de Serveis de la Societat de la Informaci\u00f3 i Comer\u00e7 Electr\u00f2nic, a continuaci\u00f3 s\u2019exposen les dades identificatives de l\u2019Associaci\u00f3. Nom: Associaci\u00f3 Forgender [&hellip;]<\/p>\n","protected":false},"author":1,"featured_media":0,"parent":0,"menu_order":0,"comment_status":"closed","ping_status":"open","template":"","meta":{"footnotes":""},"class_list":["post-709","page","type-page","status-publish","hentry"],"acf":[],"_links":{"self":[{"href":"https:\/\/www.forgenderseal.org\/gl\/wp-json\/wp\/v2\/pages\/709","targetHints":{"allow":["GET"]}}],"collection":[{"href":"https:\/\/www.forgenderseal.org\/gl\/wp-json\/wp\/v2\/pages"}],"about":[{"href":"https:\/\/www.forgenderseal.org\/gl\/wp-json\/wp\/v2\/types\/page"}],"author":[{"embeddable":true,"href":"https:\/\/www.forgenderseal.org\/gl\/wp-json\/wp\/v2\/users\/1"}],"replies":[{"embeddable":true,"href":"https:\/\/www.forgenderseal.org\/gl\/wp-json\/wp\/v2\/comments?post=709"}],"version-history":[{"count":0,"href":"https:\/\/www.forgenderseal.org\/gl\/wp-json\/wp\/v2\/pages\/709\/revisions"}],"wp:attachment":[{"href":"https:\/\/www.forgenderseal.org\/gl\/wp-json\/wp\/v2\/media?parent=709"}],"curies":[{"name":"wp","href":"https:\/\/api.w.org\/{rel}","templated":true}]}}