{"id":715,"date":"2025-09-30T15:46:03","date_gmt":"2025-09-30T15:46:03","guid":{"rendered":"https:\/\/www.forgenderseal.org\/qui-som\/"},"modified":"2025-11-28T13:20:21","modified_gmt":"2025-11-28T13:20:21","slug":"qui-som","status":"publish","type":"page","link":"https:\/\/www.forgenderseal.org\/gl\/qui-som\/","title":{"rendered":"Quen somos"},"content":{"rendered":"<p>A Forgender Seal treballem per promoure una societat m\u00e9s justa, equitativa i inclusiva. Som una associaci\u00f3 sense \u00e0nim de lucre compromesa amb la igualtat de g\u00e8nere, oferint eines i suport per integrar aquesta perspectiva en les pol\u00edtiques p\u00fabliques, les institucions educatives i altres organitzacions.<\/p>\n<ul>\n<li>Acompanyem als governs locals en el disseny i implementaci\u00f3 de pol\u00edtiques p\u00fabliques igualit\u00e0ries.<\/li>\n<li>Col\u00b7laborem amb centres educatius per fomentar entorns igualitaris i respectuosos.<\/li>\n<li>Assessorem entitats p\u00fabliques i privades per garantir que les seves accions siguin inclusives i transformadores.<\/li>\n<\/ul>\n","protected":false},"excerpt":{"rendered":"<p>A Forgender Seal treballem per promoure una societat m\u00e9s justa, equitativa i inclusiva. Som una associaci\u00f3 sense \u00e0nim de lucre compromesa amb la igualtat de g\u00e8nere, oferint eines i suport per integrar aquesta perspectiva en les pol\u00edtiques p\u00fabliques, les institucions educatives i altres organitzacions. Acompanyem als governs locals en el disseny i implementaci\u00f3 de pol\u00edtiques [&hellip;]<\/p>\n","protected":false},"author":1,"featured_media":716,"parent":0,"menu_order":0,"comment_status":"closed","ping_status":"closed","template":"page-about.php","meta":{"footnotes":""},"class_list":["post-715","page","type-page","status-publish","has-post-thumbnail","hentry"],"acf":[],"_links":{"self":[{"href":"https:\/\/www.forgenderseal.org\/gl\/wp-json\/wp\/v2\/pages\/715","targetHints":{"allow":["GET"]}}],"collection":[{"href":"https:\/\/www.forgenderseal.org\/gl\/wp-json\/wp\/v2\/pages"}],"about":[{"href":"https:\/\/www.forgenderseal.org\/gl\/wp-json\/wp\/v2\/types\/page"}],"author":[{"embeddable":true,"href":"https:\/\/www.forgenderseal.org\/gl\/wp-json\/wp\/v2\/users\/1"}],"replies":[{"embeddable":true,"href":"https:\/\/www.forgenderseal.org\/gl\/wp-json\/wp\/v2\/comments?post=715"}],"version-history":[{"count":6,"href":"https:\/\/www.forgenderseal.org\/gl\/wp-json\/wp\/v2\/pages\/715\/revisions"}],"predecessor-version":[{"id":1181,"href":"https:\/\/www.forgenderseal.org\/gl\/wp-json\/wp\/v2\/pages\/715\/revisions\/1181"}],"wp:featuredmedia":[{"embeddable":true,"href":"https:\/\/www.forgenderseal.org\/gl\/wp-json\/wp\/v2\/media\/716"}],"wp:attachment":[{"href":"https:\/\/www.forgenderseal.org\/gl\/wp-json\/wp\/v2\/media?parent=715"}],"curies":[{"name":"wp","href":"https:\/\/api.w.org\/{rel}","templated":true}]}}